{"id":997,"date":"2017-12-30T14:06:03","date_gmt":"2017-12-30T14:06:03","guid":{"rendered":"https:\/\/www.kunstelj.si\/?page_id=997"},"modified":"2021-03-02T11:58:27","modified_gmt":"2021-03-02T11:58:27","slug":"dining-rooms","status":"publish","type":"page","link":"https:\/\/www.kunstelj.si\/en\/restaurant\/dining-rooms\/","title":{"rendered":"Dining Rooms"},"content":{"rendered":"[mk_page_section bg_image=&#8221;https:\/\/www.kunstelj.si\/wp-content\/uploads\/prostori-bg.jpg&#8221; bg_position=&#8221;center center&#8221; bg_repeat=&#8221;no-repeat&#8221; bg_stretch=&#8221;true&#8221; enable_3d=&#8221;true&#8221; video_opacity=&#8221;0.2&#8243; min_height=&#8221;400&#8243; sidebar=&#8221;sidebar-1&#8243;][vc_column][mk_padding_divider size=&#8221;140&#8243;][\/vc_column][\/mk_page_section][mk_page_section bg_image=&#8221;https:\/\/www.kunstelj.si\/wp-content\/uploads\/regal1.png&#8221; sidebar=&#8221;sidebar-1&#8243;][vc_column][mk_padding_divider size=&#8221;60&#8243;][mk_fancy_title size=&#8221;64&#8243; force_font_size=&#8221;true&#8221; size_phone=&#8221;42&#8243; font_weight=&#8221;bold&#8221; margin_bottom=&#8221;0&#8243; font_family=&#8221;none&#8221;]Dining Rooms[\/mk_fancy_title][mk_padding_divider size=&#8221;20&#8243;][mk_fancy_title tag_name=&#8221;h3&#8243; size=&#8221;32&#8243; force_font_size=&#8221;true&#8221; size_phone=&#8221;22&#8243; font_weight=&#8221;bold&#8221; margin_bottom=&#8221;0&#8243; font_family=&#8221;none&#8221;]<span id=\"old-inn\">The Old Inn<\/span>[\/mk_fancy_title][mk_padding_divider size=&#8221;20&#8243;][mk_gallery images=&#8221;325,326&#8243; column=&#8221;2&#8243; height=&#8221;390&#8243; hover_scenarios=&#8221;slow_zoom&#8221; margin_bottom=&#8221;40&#8243;][vc_column_text css=&#8221;.vc_custom_1514642492472{margin-bottom: 0px !important;}&#8221;]The Old Inn is steeped in history. Every corner has its own story and the dark wooden benches carry countless memories. The Old Inn is the oldest part of Kunstelj and welcomes guests during winter &#8211; from mid-October to April.<br \/>\nNumber of seats: 20[\/vc_column_text][mk_padding_divider][mk_fancy_title tag_name=&#8221;h3&#8243; size=&#8221;32&#8243; force_font_size=&#8221;true&#8221; size_phone=&#8221;22&#8243; font_weight=&#8221;bold&#8221; margin_bottom=&#8221;0&#8243; font_family=&#8221;none&#8221;]<span id=\"hunters-room\">The Hunter&#8217;s Room<\/span>[\/mk_fancy_title][mk_padding_divider size=&#8221;20&#8243;][mk_gallery images=&#8221;2336,2085&#8243; column=&#8221;2&#8243; height=&#8221;390&#8243; hover_scenarios=&#8221;slow_zoom&#8221; margin_bottom=&#8221;40&#8243;][vc_column_text css=&#8221;.vc_custom_1514642508457{margin-bottom: 0px !important;}&#8221;]The Hunter&#8217;s room is arranged and decorated in a hunter&#8217;s style. It is of special importance because it was the favourite dining room of the former Yugoslav president <strong>Josip Broz Tito<\/strong>.<br \/>\nNumber of seats: 28[\/vc_column_text][mk_padding_divider][mk_fancy_title tag_name=&#8221;h3&#8243; size=&#8221;32&#8243; force_font_size=&#8221;true&#8221; size_phone=&#8221;22&#8243; font_weight=&#8221;bold&#8221; margin_bottom=&#8221;0&#8243; font_family=&#8221;none&#8221;]<span id=\"poets-room\">The Poet&#8217;s Room<\/span>[\/mk_fancy_title][mk_padding_divider size=&#8221;20&#8243;][mk_gallery images=&#8221;3282,3280&#8243; column=&#8221;2&#8243; height=&#8221;390&#8243; hover_scenarios=&#8221;slow_zoom&#8221; margin_bottom=&#8221;40&#8243;][vc_column_text css=&#8221;.vc_custom_1514642542250{margin-bottom: 0px !important;}&#8221;]The Poet&#8217;s room is dedicated to the greatest Slovenian poet France Pre\u0161eren, who fondly looks out from his portrait to his beloved, Juliet. The room is arranged in a romantic style, with huge wooden tables, a fireplace and subtle lighting which allows complete privacy making it perfect for private parties and<strong> business meetings<\/strong>.<br \/>\nNumber of seats: 16[\/vc_column_text][mk_padding_divider][mk_fancy_title tag_name=&#8221;h3&#8243; size=&#8221;32&#8243; force_font_size=&#8221;true&#8221; size_phone=&#8221;22&#8243; font_weight=&#8221;bold&#8221; margin_bottom=&#8221;0&#8243; font_family=&#8221;none&#8221;]<span id=\"tonis-room\">The Toni\u2019s Room<\/span>[\/mk_fancy_title][mk_padding_divider size=&#8221;20&#8243;][mk_gallery images=&#8221;1094,1093&#8243; column=&#8221;2&#8243; height=&#8221;390&#8243; hover_scenarios=&#8221;slow_zoom&#8221; margin_bottom=&#8221;40&#8243;][vc_column_text css=&#8221;.vc_custom_1514642569250{margin-bottom: 0px !important;}&#8221;]Toni\u2019s Room is bright, spacious and suitable for a wide variety of gatherings. Bright wooden floors give it a pleasant warm feeling and the walls are decorated with motifs dedicated to golf and skiing &#8211; two sports loved by Toni.<br \/>\nNumber of seats: 25[\/vc_column_text][mk_padding_divider][mk_fancy_title tag_name=&#8221;h3&#8243; size=&#8221;32&#8243; force_font_size=&#8221;true&#8221; size_phone=&#8221;22&#8243; font_weight=&#8221;bold&#8221; margin_bottom=&#8221;0&#8243; font_family=&#8221;none&#8221;]<span id=\"wine-cellar\">The Wine Cellar<\/span>[\/mk_fancy_title][mk_padding_divider size=&#8221;20&#8243;][mk_gallery images=&#8221;353,1100&#8243; column=&#8221;2&#8243; height=&#8221;390&#8243; hover_scenarios=&#8221;slow_zoom&#8221; margin_bottom=&#8221;40&#8243;][vc_column_text css=&#8221;.vc_custom_1514642594754{margin-bottom: 0px !important;}&#8221;]The wine cellar at Kunstelj is known to be the only real wine cellar in Gorenjska. In the past its premises were used to store wine in barrels, while the quality of the wine was looked after by the wine cellar master. Today, the wine cellar offers various types of open wines from all the Slovenian wine-growing regions. Taste merlot and pinot noir from the Debenjak wine cellar, Kozana or teran wine from the Pupis wine cellar. Tomaj, or the famous cvi\u010dek wine produced by Jo\u017ee Fabjan from Dolenje Gradi\u0161\u010de near \u0160tenjernej. Kunstelj collaborates with the best Slovenian wine makers (some of them for more than 60 years!). For groups (min. 8 people) Kunstelj prepares wine tastings, along with cooked cured pork leg, sausages baked in pastry, sage &#8216;potica&#8217; cake and other local delicacies.<br \/>\nSuitable for 8-80 guests.[\/vc_column_text][mk_padding_divider][mk_fancy_title tag_name=&#8221;h3&#8243; size=&#8221;32&#8243; force_font_size=&#8221;true&#8221; size_phone=&#8221;22&#8243; font_weight=&#8221;bold&#8221; margin_bottom=&#8221;0&#8243; font_family=&#8221;none&#8221;]<span id=\"small-hall\">The Small Hall<\/span>[\/mk_fancy_title][mk_padding_divider size=&#8221;20&#8243;][mk_gallery images=&#8221;1097,2338&#8243; column=&#8221;2&#8243; height=&#8221;390&#8243; hover_scenarios=&#8221;slow_zoom&#8221; margin_bottom=&#8221;40&#8243;][vc_column_text css=&#8221;.vc_custom_1514642645234{margin-bottom: 0px !important;}&#8221;]The Small Hall has an elegant feeling of the past. The room is cosy and warm. With a hint of nostalgia it brings to mind beautiful memories.<br \/>\nNumber of seats: 56[\/vc_column_text][mk_padding_divider][mk_fancy_title tag_name=&#8221;h3&#8243; size=&#8221;32&#8243; force_font_size=&#8221;true&#8221; size_phone=&#8221;22&#8243; font_weight=&#8221;bold&#8221; margin_bottom=&#8221;0&#8243; font_family=&#8221;none&#8221;]<span id=\"great-hall\">The Great Hall<\/span>[\/mk_fancy_title][mk_padding_divider size=&#8221;20&#8243;][mk_gallery images=&#8221;3288,3290&#8243; column=&#8221;2&#8243; height=&#8221;390&#8243; hover_scenarios=&#8221;slow_zoom&#8221; margin_bottom=&#8221;40&#8243;][vc_column_text css=&#8221;.vc_custom_1514642660906{margin-bottom: 0px !important;}&#8221;]The Great Hall is a place of joy, laughter and fun. There have been countless nights of dancing under its roof! The Great Hall is ideal for parties and weddings, as it offers a dance floor and stage.<br \/>\nNumber of seats: 100[\/vc_column_text][mk_padding_divider][mk_fancy_title tag_name=&#8221;h3&#8243; size=&#8221;32&#8243; force_font_size=&#8221;true&#8221; size_phone=&#8221;22&#8243; font_weight=&#8221;bold&#8221; margin_bottom=&#8221;0&#8243; font_family=&#8221;none&#8221;]<span id=\"summer-garden\">The Summer Terrace<br \/>\n<\/span>[\/mk_fancy_title][mk_padding_divider size=&#8221;20&#8243;][mk_gallery images=&#8221;2395,2393&#8243; column=&#8221;2&#8243; height=&#8221;390&#8243; hover_scenarios=&#8221;slow_zoom&#8221; margin_bottom=&#8221;40&#8243;][vc_column_text css=&#8221;.vc_custom_1514642688849{margin-bottom: 0px !important;}&#8221;]When the weather brings pleasant temperatures, the summer garden is the most popular place at Kunstelj. Sitting in the shade under a canopy of trees, it feels as if time passes more slowly. The garden opens up to an expansive view of the valley of the Sava river and in the distance you can see the Jelovica plateau and the white peaks of the Julian Alps and Triglav, the highest Slovenian mountain.<br \/>\nNumber of seats: 50[\/vc_column_text][mk_padding_divider][mk_fancy_title tag_name=&#8221;h3&#8243; size=&#8221;32&#8243; force_font_size=&#8221;true&#8221; size_phone=&#8221;22&#8243; font_weight=&#8221;bold&#8221; margin_bottom=&#8221;0&#8243; font_family=&#8221;none&#8221;]<span id=\"small-terrace\">The Garden<\/span>[\/mk_fancy_title][mk_gallery images=&#8221;2389,2385&#8243; column=&#8221;2&#8243; height=&#8221;390&#8243; hover_scenarios=&#8221;slow_zoom&#8221; margin_bottom=&#8221;40&#8243;][vc_column_text css=&#8221;.vc_custom_1514642741961{margin-bottom: 0px !important;}&#8221;]Would you like to know a secret? Guests who visit The Small Terrace claim it is the single most beautiful spot in the Gorenjska region. This romantic green grove invites you to relax and simply enjoy the beautiful scenery of the valley of the Sava river, homemade food and pleasant company. The Small Terrace is also the place where Kunstelj prepares <strong><a href=\"https:\/\/www.kunstelj.si\/en\/restaurant\/vip-picnic\/\">VIP Picnics<\/a>.<\/strong><br \/>\nNumber of seats: 15[\/vc_column_text][mk_padding_divider size=&#8221;60&#8243;][\/vc_column][\/mk_page_section]\n","protected":false},"excerpt":{"rendered":"<p>[mk_page_section bg_image=&#8221;https:\/\/www.kunstelj.si\/wp-content\/uploads\/prostori-bg.jpg&#8221; bg_position=&#8221;center center&#8221; bg_repeat=&#8221;no-repeat&#8221; bg_stretch=&#8221;true&#8221; enable_3d=&#8221;true&#8221; video_opacity=&#8221;0.2&#8243; min_height=&#8221;400&#8243; sidebar=&#8221;sidebar-1&#8243;][vc_column][mk_padding_divider size=&#8221;140&#8243;][\/vc_column][\/mk_page_section][mk_page_section bg_image=&#8221;https:\/\/www.kunstelj.si\/wp-content\/uploads\/regal1.png&#8221; sidebar=&#8221;sidebar-1&#8243;][vc_column][mk_padding_divider size=&#8221;60&#8243;][mk_fancy_title size=&#8221;64&#8243; force_font_size=&#8221;true&#8221; size_phone=&#8221;42&#8243; font_weight=&#8221;bold&#8221; margin_bottom=&#8221;0&#8243; font_family=&#8221;none&#8221;]Dining Rooms[\/mk_fancy_title][mk_padding_divider size=&#8221;20&#8243;][mk_fancy_title tag_name=&#8221;h3&#8243; size=&#8221;32&#8243; force_font_size=&#8221;true&#8221; size_phone=&#8221;22&#8243; font_weight=&#8221;bold&#8221; margin_bottom=&#8221;0&#8243; font_family=&#8221;none&#8221;]The Old Inn[\/mk_fancy_title][mk_padding_divider size=&#8221;20&#8243;][mk_gallery images=&#8221;325,326&#8243; column=&#8221;2&#8243; height=&#8221;390&#8243; hover_scenarios=&#8221;slow_zoom&#8221; margin_bottom=&#8221;40&#8243;][vc_column_text css=&#8221;.vc_custom_1514642492472{margin-bottom: 0px !important;}&#8221;]The Old Inn is steeped in history. Every corner has its own story and the dark [&hellip;]<\/p>\n","protected":false},"author":2,"featured_media":0,"parent":981,"menu_order":0,"comment_status":"closed","ping_status":"closed","template":"","meta":{"_acf_changed":false,"footnotes":""},"class_list":["post-997","page","type-page","status-publish","hentry"],"acf":[],"_links":{"self":[{"href":"https:\/\/www.kunstelj.si\/en\/wp-json\/wp\/v2\/pages\/997","targetHints":{"allow":["GET"]}}],"collection":[{"href":"https:\/\/www.kunstelj.si\/en\/wp-json\/wp\/v2\/pages"}],"about":[{"href":"https:\/\/www.kunstelj.si\/en\/wp-json\/wp\/v2\/types\/page"}],"author":[{"embeddable":true,"href":"https:\/\/www.kunstelj.si\/en\/wp-json\/wp\/v2\/users\/2"}],"replies":[{"embeddable":true,"href":"https:\/\/www.kunstelj.si\/en\/wp-json\/wp\/v2\/comments?post=997"}],"version-history":[{"count":18,"href":"https:\/\/www.kunstelj.si\/en\/wp-json\/wp\/v2\/pages\/997\/revisions"}],"predecessor-version":[{"id":3420,"href":"https:\/\/www.kunstelj.si\/en\/wp-json\/wp\/v2\/pages\/997\/revisions\/3420"}],"up":[{"embeddable":true,"href":"https:\/\/www.kunstelj.si\/en\/wp-json\/wp\/v2\/pages\/981"}],"wp:attachment":[{"href":"https:\/\/www.kunstelj.si\/en\/wp-json\/wp\/v2\/media?parent=997"}],"curies":[{"name":"wp","href":"https:\/\/api.w.org\/{rel}","templated":true}]}}